{"id":944,"date":"2025-01-22T22:37:54","date_gmt":"2025-01-22T21:37:54","guid":{"rendered":"https:\/\/tangiriboat.com\/?post_type=product&#038;p=944"},"modified":"2025-01-29T20:18:57","modified_gmt":"2025-01-29T19:18:57","slug":"tangiri-trion-560-sx","status":"publish","type":"product","link":"https:\/\/tangiriboat.com\/index.php\/produkt\/tangiri-trion-560-sx\/","title":{"rendered":"TANGIRI TRION 560 SX"},"content":{"rendered":"<p>Tangiri TRION 560 DEEP-V to najwi\u0119kszy model Tangiri dla najbardziej wymagaj\u0105cych w\u0119dkarzy. Trion 560 pozwala na zmierzenie si\u0119 z ekstremalnymi warunkami na najwi\u0119kszych akwenach. Wysoka burta, dno typu DEEP-V z 4mm aluminium to g\u0142\u00f3wne or\u0119\u017ce w starciu z najwi\u0119kszymi falami.<\/p>\n<p><a href=\"https:\/\/tangiriboat.com\/wp-content\/uploads\/2025\/01\/wyposazenie-standardowe-trion-560.pdf\">Wyposa\u017cenie standardowe<\/a><\/p>\n","protected":false},"excerpt":{"rendered":"<p>Tangiri TRION 560 DEEP-V to najwi\u0119kszy model Tangiri dla najbardziej wymagaj\u0105cych w\u0119dkarzy. Trion 560 pozwala na zmierzenie si\u0119 z ekstremalnymi warunkami na najwi\u0119kszych akwenach. Wysoka burta, dno typu DEEP-V z 4mm aluminium to g\u0142\u00f3wne or\u0119\u017ce w starciu z najwi\u0119kszymi falami. Wyposa\u017cenie standardowe<\/p>\n","protected":false},"featured_media":871,"template":"","meta":[],"product_cat":[32],"product_tag":[],"class_list":{"0":"post-944","1":"product","2":"type-product","3":"status-publish","4":"has-post-thumbnail","6":"product_cat-lodzie","8":"first","9":"instock","10":"sold-individually","11":"shipping-taxable","12":"purchasable","13":"product-type-simple"},"jetpack_sharing_enabled":true,"_links":{"self":[{"href":"https:\/\/tangiriboat.com\/index.php\/wp-json\/wp\/v2\/product\/944","targetHints":{"allow":["GET"]}}],"collection":[{"href":"https:\/\/tangiriboat.com\/index.php\/wp-json\/wp\/v2\/product"}],"about":[{"href":"https:\/\/tangiriboat.com\/index.php\/wp-json\/wp\/v2\/types\/product"}],"wp:featuredmedia":[{"embeddable":true,"href":"https:\/\/tangiriboat.com\/index.php\/wp-json\/wp\/v2\/media\/871"}],"wp:attachment":[{"href":"https:\/\/tangiriboat.com\/index.php\/wp-json\/wp\/v2\/media?parent=944"}],"wp:term":[{"taxonomy":"product_cat","embeddable":true,"href":"https:\/\/tangiriboat.com\/index.php\/wp-json\/wp\/v2\/product_cat?post=944"},{"taxonomy":"product_tag","embeddable":true,"href":"https:\/\/tangiriboat.com\/index.php\/wp-json\/wp\/v2\/product_tag?post=944"}],"curies":[{"name":"wp","href":"https:\/\/api.w.org\/{rel}","templated":true}]}}