{"id":920,"date":"2025-01-22T19:18:51","date_gmt":"2025-01-22T18:18:51","guid":{"rendered":"https:\/\/tangiriboat.com\/?post_type=product&#038;p=920"},"modified":"2025-01-29T19:50:02","modified_gmt":"2025-01-29T18:50:02","slug":"tangiri-strin-500-gr","status":"publish","type":"product","link":"https:\/\/tangiriboat.com\/index.php\/produkt\/tangiri-strin-500-gr\/","title":{"rendered":"TANGIRI STRIN 500 GR"},"content":{"rendered":"<p>Model Strin 500 to doskona\u0142e po\u0142\u0105czenie wytrzyma\u0142o\u015bci, funkcjonalno\u015bci i estetyki, kt\u00f3re pozwoli Ci na odkrywanie nowych obszar\u00f3w w\u0119dkarskich dozna\u0144. Bez wzgl\u0119du na to, czy masz zamiar \u0142owi\u0107 w\u015br\u00f3d wzburzonych fal, czy na spokojnych wodach, ta \u0142\u00f3d\u017a sprosta ka\u017cdemu wyzwaniu, gwarantuj\u0105c stabilno\u015b\u0107 i bezpiecze\u0144stwo podczas \u017ceglugi.<\/p>\n<p><a href=\"https:\/\/tangiriboat.com\/wp-content\/uploads\/2025\/01\/wyposazenie-standardowe-strin-500.pdf\">Wyposa\u017cenie standardowe z por\u00f3wnaniem modeli GR i GRX<\/a><\/p>\n","protected":false},"excerpt":{"rendered":"<p>Model Strin 500 to doskona\u0142e po\u0142\u0105czenie wytrzyma\u0142o\u015bci, funkcjonalno\u015bci i estetyki, kt\u00f3re pozwoli Ci na odkrywanie nowych obszar\u00f3w w\u0119dkarskich dozna\u0144. Bez wzgl\u0119du na to, czy masz zamiar \u0142owi\u0107 w\u015br\u00f3d wzburzonych fal, czy na spokojnych wodach, ta \u0142\u00f3d\u017a sprosta ka\u017cdemu wyzwaniu, gwarantuj\u0105c stabilno\u015b\u0107 i bezpiecze\u0144stwo podczas \u017ceglugi. Wyposa\u017cenie standardowe z por\u00f3wnaniem modeli GR i GRX<\/p>\n","protected":false},"featured_media":868,"template":"","meta":[],"product_cat":[32],"product_tag":[],"class_list":{"0":"post-920","1":"product","2":"type-product","3":"status-publish","4":"has-post-thumbnail","6":"product_cat-lodzie","8":"first","9":"instock","10":"sold-individually","11":"shipping-taxable","12":"purchasable","13":"product-type-simple"},"jetpack_sharing_enabled":true,"_links":{"self":[{"href":"https:\/\/tangiriboat.com\/index.php\/wp-json\/wp\/v2\/product\/920","targetHints":{"allow":["GET"]}}],"collection":[{"href":"https:\/\/tangiriboat.com\/index.php\/wp-json\/wp\/v2\/product"}],"about":[{"href":"https:\/\/tangiriboat.com\/index.php\/wp-json\/wp\/v2\/types\/product"}],"wp:featuredmedia":[{"embeddable":true,"href":"https:\/\/tangiriboat.com\/index.php\/wp-json\/wp\/v2\/media\/868"}],"wp:attachment":[{"href":"https:\/\/tangiriboat.com\/index.php\/wp-json\/wp\/v2\/media?parent=920"}],"wp:term":[{"taxonomy":"product_cat","embeddable":true,"href":"https:\/\/tangiriboat.com\/index.php\/wp-json\/wp\/v2\/product_cat?post=920"},{"taxonomy":"product_tag","embeddable":true,"href":"https:\/\/tangiriboat.com\/index.php\/wp-json\/wp\/v2\/product_tag?post=920"}],"curies":[{"name":"wp","href":"https:\/\/api.w.org\/{rel}","templated":true}]}}