{"id":918,"date":"2025-01-22T10:29:40","date_gmt":"2025-01-22T09:29:40","guid":{"rendered":"https:\/\/tangiriboat.com\/?post_type=product&#038;p=918"},"modified":"2025-01-29T19:48:50","modified_gmt":"2025-01-29T18:48:50","slug":"tangiri-strin-460-tr","status":"publish","type":"product","link":"https:\/\/tangiriboat.com\/index.php\/produkt\/tangiri-strin-460-tr\/","title":{"rendered":"TANGIRI STRIN 460 TR"},"content":{"rendered":"<p>Tangiri STRIN 460 zosta\u0142 zaprojektowany z my\u015bl\u0105 o du\u017cych akwenach gdzie \u015bwietnie sobie radzi w trudnych warunkach pogodowych. Du\u017cy przestronny pok\u0142ad pozwala na komfortowe \u0142owienie trzem w\u0119dkarzom. Unikatowa konstrukcja kad\u0142uba Tangiri STRIN 460 pozwala nam okre\u015bli\u0107 j\u0105 jako najbardziej wytrzyma\u0142\u0105 \u0142\u00f3d\u017a w swojej klasie.<\/p>\n<p><a href=\"https:\/\/tangiriboat.com\/wp-content\/uploads\/2025\/01\/wyposazenie-standardowe-strin-460.pdf\">Wyposa\u017cenie standardowe z por\u00f3wnaniem modeli TR i TRX<\/a><\/p>\n","protected":false},"excerpt":{"rendered":"<p>Tangiri STRIN 460 zosta\u0142 zaprojektowany z my\u015bl\u0105 o du\u017cych akwenach gdzie \u015bwietnie sobie radzi w trudnych warunkach pogodowych. Du\u017cy przestronny pok\u0142ad pozwala na komfortowe \u0142owienie trzem w\u0119dkarzom. Unikatowa konstrukcja kad\u0142uba Tangiri STRIN 460 pozwala nam okre\u015bli\u0107 j\u0105 jako najbardziej wytrzyma\u0142\u0105 \u0142\u00f3d\u017a w swojej klasie. Wyposa\u017cenie standardowe z por\u00f3wnaniem modeli TR i TRX<\/p>\n","protected":false},"featured_media":867,"template":"","meta":[],"product_cat":[32],"product_tag":[],"class_list":{"0":"post-918","1":"product","2":"type-product","3":"status-publish","4":"has-post-thumbnail","6":"product_cat-lodzie","8":"first","9":"instock","10":"sold-individually","11":"shipping-taxable","12":"purchasable","13":"product-type-simple"},"jetpack_sharing_enabled":true,"_links":{"self":[{"href":"https:\/\/tangiriboat.com\/index.php\/wp-json\/wp\/v2\/product\/918","targetHints":{"allow":["GET"]}}],"collection":[{"href":"https:\/\/tangiriboat.com\/index.php\/wp-json\/wp\/v2\/product"}],"about":[{"href":"https:\/\/tangiriboat.com\/index.php\/wp-json\/wp\/v2\/types\/product"}],"wp:featuredmedia":[{"embeddable":true,"href":"https:\/\/tangiriboat.com\/index.php\/wp-json\/wp\/v2\/media\/867"}],"wp:attachment":[{"href":"https:\/\/tangiriboat.com\/index.php\/wp-json\/wp\/v2\/media?parent=918"}],"wp:term":[{"taxonomy":"product_cat","embeddable":true,"href":"https:\/\/tangiriboat.com\/index.php\/wp-json\/wp\/v2\/product_cat?post=918"},{"taxonomy":"product_tag","embeddable":true,"href":"https:\/\/tangiriboat.com\/index.php\/wp-json\/wp\/v2\/product_tag?post=918"}],"curies":[{"name":"wp","href":"https:\/\/api.w.org\/{rel}","templated":true}]}}