{"id":742,"date":"2024-12-19T13:12:30","date_gmt":"2024-12-19T12:12:30","guid":{"rendered":"https:\/\/tangiriboat.com\/?post_type=product&#038;p=742"},"modified":"2025-01-29T20:31:37","modified_gmt":"2025-01-29T19:31:37","slug":"tangiri-ortis-400-gr","status":"publish","type":"product","link":"https:\/\/tangiriboat.com\/index.php\/produkt\/tangiri-ortis-400-gr\/","title":{"rendered":"TANGIRI ORTIS 400 GR"},"content":{"rendered":"<p>Tangiri ORTIS 400 to idealne rozwi\u0105zanie do komfortowego \u0142owienia dla dw\u00f3ch os\u00f3b. Niewielkie zanurzenie idealnie sprawdza si\u0119 na p\u0142ytkich wodach, a wysoka burta pozwala zmierzy\u0107 si\u0119 z du\u017cymi falami na wi\u0119kszo\u015bci akwen\u00f3w.<\/p>\n<p><a href=\"https:\/\/tangiriboat.com\/wp-content\/uploads\/2025\/01\/wyposazenie-standardowe-ortis-400.pdf\">Wyposa\u017cenie standardowe<\/a><\/p>\n","protected":false},"excerpt":{"rendered":"<p>Tangiri ORTIS 400 to idealne rozwi\u0105zanie do komfortowego \u0142owienia dla dw\u00f3ch os\u00f3b. Niewielkie zanurzenie idealnie sprawdza si\u0119 na p\u0142ytkich wodach, a wysoka burta pozwala zmierzy\u0107 si\u0119 z du\u017cymi falami na wi\u0119kszo\u015bci akwen\u00f3w. Wyposa\u017cenie standardowe<\/p>\n","protected":false},"featured_media":778,"template":"","meta":[],"product_cat":[32],"product_tag":[],"class_list":{"0":"post-742","1":"product","2":"type-product","3":"status-publish","4":"has-post-thumbnail","6":"product_cat-lodzie","8":"first","9":"instock","10":"sold-individually","11":"shipping-taxable","12":"purchasable","13":"product-type-simple"},"jetpack_sharing_enabled":true,"_links":{"self":[{"href":"https:\/\/tangiriboat.com\/index.php\/wp-json\/wp\/v2\/product\/742","targetHints":{"allow":["GET"]}}],"collection":[{"href":"https:\/\/tangiriboat.com\/index.php\/wp-json\/wp\/v2\/product"}],"about":[{"href":"https:\/\/tangiriboat.com\/index.php\/wp-json\/wp\/v2\/types\/product"}],"wp:featuredmedia":[{"embeddable":true,"href":"https:\/\/tangiriboat.com\/index.php\/wp-json\/wp\/v2\/media\/778"}],"wp:attachment":[{"href":"https:\/\/tangiriboat.com\/index.php\/wp-json\/wp\/v2\/media?parent=742"}],"wp:term":[{"taxonomy":"product_cat","embeddable":true,"href":"https:\/\/tangiriboat.com\/index.php\/wp-json\/wp\/v2\/product_cat?post=742"},{"taxonomy":"product_tag","embeddable":true,"href":"https:\/\/tangiriboat.com\/index.php\/wp-json\/wp\/v2\/product_tag?post=742"}],"curies":[{"name":"wp","href":"https:\/\/api.w.org\/{rel}","templated":true}]}}