{"id":261,"date":"2015-07-29T13:44:44","date_gmt":"2015-07-29T13:44:44","guid":{"rendered":"https:\/\/optimus.qsandbox.com\/zqs\/qbcj\/site\/zakra-main\/?page_id=4"},"modified":"2025-01-30T09:33:27","modified_gmt":"2025-01-30T08:33:27","slug":"home","status":"publish","type":"page","link":"https:\/\/tangiriboat.com\/","title":{"rendered":"Home"},"content":{"rendered":"\t\t<div data-elementor-type=\"wp-page\" data-elementor-id=\"261\" class=\"elementor elementor-261\">\n\t\t\t\t<div class=\"elementor-element elementor-element-43413ca e-con-full e-flex e-con e-parent\" data-id=\"43413ca\" data-element_type=\"container\" data-settings=\"{&quot;background_background&quot;:&quot;video&quot;,&quot;background_video_link&quot;:&quot;https:\\\/\\\/serwer2190087.home.pl\\\/autoinstalator\\\/wordpress2\\\/wp-content\\\/uploads\\\/2024\\\/09\\\/tangiri-main.mp4&quot;,&quot;background_play_on_mobile&quot;:&quot;yes&quot;}\">\n\t\t<div class=\"elementor-background-video-container\">\n\t\t\t\t\t\t\t<video class=\"elementor-background-video-hosted elementor-html5-video\" autoplay muted playsinline loop><\/video>\n\t\t\t\t\t<\/div>\t\t<\/div>\n\t\t<div class=\"elementor-element elementor-element-edc5e3f e-flex e-con-boxed e-con e-parent\" data-id=\"edc5e3f\" data-element_type=\"container\">\n\t\t\t\t\t<div class=\"e-con-inner\">\n\t\t\t\t\t<\/div>\n\t\t\t\t<\/div>\n\t\t<div class=\"elementor-element elementor-element-a1d84a9 e-flex e-con-boxed e-con e-parent\" data-id=\"a1d84a9\" data-element_type=\"container\">\n\t\t\t\t\t<div class=\"e-con-inner\">\n\t\t<div class=\"elementor-element elementor-element-7d5a2ac e-con-full e-flex e-con e-child\" data-id=\"7d5a2ac\" data-element_type=\"container\">\n\t\t\t\t<div class=\"elementor-element elementor-element-e14916b elementor-widget elementor-widget-heading\" data-id=\"e14916b\" data-element_type=\"widget\" data-widget_type=\"heading.default\">\n\t\t\t\t<div class=\"elementor-widget-container\">\n\t\t\t<h2 class=\"elementor-heading-title elementor-size-default\"><a href=\"http:\/\/tangiriboat.com\/wp-content\/uploads\/2024\/09\/att.vYTpyU_4WseiPcVkGwEFJzXz9cGxUCK6dBicIu_cxtY.pdf\">zobacz katalog naszych  \u0142odzi<\/a><\/h2>\t\t<\/div>\n\t\t\t\t<\/div>\n\t\t\t\t<div class=\"elementor-element elementor-element-0f50e1b elementor-widget elementor-widget-image\" data-id=\"0f50e1b\" data-element_type=\"widget\" data-widget_type=\"image.default\">\n\t\t\t\t<div class=\"elementor-widget-container\">\n\t\t\t\t\t\t\t\t\t\t\t\t\t\t<a href=\"http:\/\/tangiriboat.com\/wp-content\/uploads\/2024\/09\/att.vYTpyU_4WseiPcVkGwEFJzXz9cGxUCK6dBicIu_cxtY.pdf\">\n\t\t\t\t\t\t\t<img fetchpriority=\"high\" decoding=\"async\" width=\"300\" height=\"274\" src=\"https:\/\/tangiriboat.com\/wp-content\/uploads\/2024\/09\/Zrzut-ekranu-2024-09-16-o-10.28.07-300x274.png\" class=\"attachment-medium size-medium wp-image-281\" alt=\"\" srcset=\"https:\/\/tangiriboat.com\/wp-content\/uploads\/2024\/09\/Zrzut-ekranu-2024-09-16-o-10.28.07-300x274.png 300w, https:\/\/tangiriboat.com\/wp-content\/uploads\/2024\/09\/Zrzut-ekranu-2024-09-16-o-10.28.07-800x731.png 800w, https:\/\/tangiriboat.com\/wp-content\/uploads\/2024\/09\/Zrzut-ekranu-2024-09-16-o-10.28.07-1024x936.png 1024w, https:\/\/tangiriboat.com\/wp-content\/uploads\/2024\/09\/Zrzut-ekranu-2024-09-16-o-10.28.07-768x702.png 768w, https:\/\/tangiriboat.com\/wp-content\/uploads\/2024\/09\/Zrzut-ekranu-2024-09-16-o-10.28.07-1536x1404.png 1536w, https:\/\/tangiriboat.com\/wp-content\/uploads\/2024\/09\/Zrzut-ekranu-2024-09-16-o-10.28.07.png 1584w\" sizes=\"(max-width: 300px) 100vw, 300px\" \/>\t\t\t\t\t\t\t\t<\/a>\n\t\t\t\t\t\t\t\t\t\t\t\t\t<\/div>\n\t\t\t\t<\/div>\n\t\t\t\t<\/div>\n\t\t<div class=\"elementor-element elementor-element-5fe8410 e-con-full e-flex e-con e-child\" data-id=\"5fe8410\" data-element_type=\"container\">\n\t\t\t\t<div class=\"elementor-element elementor-element-d3e67dc elementor-widget elementor-widget-heading\" data-id=\"d3e67dc\" data-element_type=\"widget\" data-widget_type=\"heading.default\">\n\t\t\t\t<div class=\"elementor-widget-container\">\n\t\t\t<h2 class=\"elementor-heading-title elementor-size-default\"><a href=\"http:\/\/tangiriboat.com\/wp-content\/uploads\/2024\/09\/att.rEvRkv1EPgdd8ZWgia8e2jBikX6ZKIRh2KSeShK268E.pdf\">zobacz katalog dodatk\u00f3w<\/a><\/h2>\t\t<\/div>\n\t\t\t\t<\/div>\n\t\t\t\t<div class=\"elementor-element elementor-element-b2e9dbd elementor-widget elementor-widget-image\" data-id=\"b2e9dbd\" data-element_type=\"widget\" data-widget_type=\"image.default\">\n\t\t\t\t<div class=\"elementor-widget-container\">\n\t\t\t\t\t\t\t\t\t\t\t\t\t\t<a href=\"http:\/\/tangiriboat.com\/wp-content\/uploads\/2024\/09\/att.rEvRkv1EPgdd8ZWgia8e2jBikX6ZKIRh2KSeShK268E.pdf\">\n\t\t\t\t\t\t\t<img fetchpriority=\"high\" decoding=\"async\" width=\"300\" height=\"274\" src=\"https:\/\/tangiriboat.com\/wp-content\/uploads\/2024\/09\/Zrzut-ekranu-2024-09-16-o-10.28.07-300x274.png\" class=\"attachment-medium size-medium wp-image-281\" alt=\"\" srcset=\"https:\/\/tangiriboat.com\/wp-content\/uploads\/2024\/09\/Zrzut-ekranu-2024-09-16-o-10.28.07-300x274.png 300w, https:\/\/tangiriboat.com\/wp-content\/uploads\/2024\/09\/Zrzut-ekranu-2024-09-16-o-10.28.07-800x731.png 800w, https:\/\/tangiriboat.com\/wp-content\/uploads\/2024\/09\/Zrzut-ekranu-2024-09-16-o-10.28.07-1024x936.png 1024w, https:\/\/tangiriboat.com\/wp-content\/uploads\/2024\/09\/Zrzut-ekranu-2024-09-16-o-10.28.07-768x702.png 768w, https:\/\/tangiriboat.com\/wp-content\/uploads\/2024\/09\/Zrzut-ekranu-2024-09-16-o-10.28.07-1536x1404.png 1536w, https:\/\/tangiriboat.com\/wp-content\/uploads\/2024\/09\/Zrzut-ekranu-2024-09-16-o-10.28.07.png 1584w\" sizes=\"(max-width: 300px) 100vw, 300px\" \/>\t\t\t\t\t\t\t\t<\/a>\n\t\t\t\t\t\t\t\t\t\t\t\t\t<\/div>\n\t\t\t\t<\/div>\n\t\t\t\t<\/div>\n\t\t\t\t\t<\/div>\n\t\t\t\t<\/div>\n\t\t<div class=\"elementor-element elementor-element-6c0f45a e-flex e-con-boxed e-con e-parent\" data-id=\"6c0f45a\" data-element_type=\"container\">\n\t\t\t\t\t<div class=\"e-con-inner\">\n\t\t\t\t<div class=\"elementor-element elementor-element-5d55224 elementor-widget elementor-widget-spacer\" data-id=\"5d55224\" data-element_type=\"widget\" data-widget_type=\"spacer.default\">\n\t\t\t\t<div class=\"elementor-widget-container\">\n\t\t\t\t\t<div class=\"elementor-spacer\">\n\t\t\t<div class=\"elementor-spacer-inner\"><\/div>\n\t\t<\/div>\n\t\t\t\t<\/div>\n\t\t\t\t<\/div>\n\t\t\t\t<div class=\"elementor-element elementor-element-7d081ba elementor-align-center elementor-hidden-desktop elementor-hidden-tablet elementor-hidden-mobile elementor-widget elementor-widget-button\" data-id=\"7d081ba\" data-element_type=\"widget\" data-widget_type=\"button.default\">\n\t\t\t\t<div class=\"elementor-widget-container\">\n\t\t\t\t\t<div class=\"elementor-button-wrapper\">\n\t\t\t<a class=\"elementor-button elementor-button-link elementor-size-sm\" href=\"https:\/\/tangiriboat.com\/index.php\/konfigurator\/\">\n\t\t\t\t\t\t<span class=\"elementor-button-content-wrapper\">\n\t\t\t\t\t\t<span class=\"elementor-button-icon\">\n\t\t\t\t<svg aria-hidden=\"true\" class=\"e-font-icon-svg e-fas-edit\" viewBox=\"0 0 576 512\" xmlns=\"http:\/\/www.w3.org\/2000\/svg\"><path d=\"M402.6 83.2l90.2 90.2c3.8 3.8 3.8 10 0 13.8L274.4 405.6l-92.8 10.3c-12.4 1.4-22.9-9.1-21.5-21.5l10.3-92.8L388.8 83.2c3.8-3.8 10-3.8 13.8 0zm162-22.9l-48.8-48.8c-15.2-15.2-39.9-15.2-55.2 0l-35.4 35.4c-3.8 3.8-3.8 10 0 13.8l90.2 90.2c3.8 3.8 10 3.8 13.8 0l35.4-35.4c15.2-15.3 15.2-40 0-55.2zM384 346.2V448H64V128h229.8c3.2 0 6.2-1.3 8.5-3.5l40-40c7.6-7.6 2.2-20.5-8.5-20.5H48C21.5 64 0 85.5 0 112v352c0 26.5 21.5 48 48 48h352c26.5 0 48-21.5 48-48V306.2c0-10.7-12.9-16-20.5-8.5l-40 40c-2.2 2.3-3.5 5.3-3.5 8.5z\"><\/path><\/svg>\t\t\t<\/span>\n\t\t\t\t\t\t\t\t\t<span class=\"elementor-button-text\">Skonfiguruj swoj\u0105 \u0142\u00f3d\u017a<\/span>\n\t\t\t\t\t<\/span>\n\t\t\t\t\t<\/a>\n\t\t<\/div>\n\t\t\t\t<\/div>\n\t\t\t\t<\/div>\n\t\t\t\t<div class=\"elementor-element elementor-element-a8c0622 elementor-hidden-desktop elementor-hidden-tablet elementor-hidden-mobile elementor-widget elementor-widget-image\" data-id=\"a8c0622\" data-element_type=\"widget\" data-widget_type=\"image.default\">\n\t\t\t\t<div class=\"elementor-widget-container\">\n\t\t\t\t\t\t\t\t\t\t\t\t\t\t<a href=\"https:\/\/tangiriboat.com\/index.php\/konfigurator\/\">\n\t\t\t\t\t\t\t<img decoding=\"async\" width=\"1024\" height=\"493\" src=\"https:\/\/tangiriboat.com\/wp-content\/uploads\/2025\/01\/konfigurator-screen-01-1024x493.webp\" class=\"attachment-large size-large wp-image-1135\" alt=\"\" srcset=\"https:\/\/tangiriboat.com\/wp-content\/uploads\/2025\/01\/konfigurator-screen-01-1024x493.webp 1024w, https:\/\/tangiriboat.com\/wp-content\/uploads\/2025\/01\/konfigurator-screen-01-300x145.webp 300w, https:\/\/tangiriboat.com\/wp-content\/uploads\/2025\/01\/konfigurator-screen-01-150x72.webp 150w, https:\/\/tangiriboat.com\/wp-content\/uploads\/2025\/01\/konfigurator-screen-01-768x370.webp 768w, https:\/\/tangiriboat.com\/wp-content\/uploads\/2025\/01\/konfigurator-screen-01-1536x740.webp 1536w, https:\/\/tangiriboat.com\/wp-content\/uploads\/2025\/01\/konfigurator-screen-01-800x385.webp 800w, https:\/\/tangiriboat.com\/wp-content\/uploads\/2025\/01\/konfigurator-screen-01.webp 1920w\" sizes=\"(max-width: 1024px) 100vw, 1024px\" \/>\t\t\t\t\t\t\t\t<\/a>\n\t\t\t\t\t\t\t\t\t\t\t\t\t<\/div>\n\t\t\t\t<\/div>\n\t\t\t\t<div class=\"elementor-element elementor-element-c5f1218 elementor-widget elementor-widget-spacer\" data-id=\"c5f1218\" data-element_type=\"widget\" data-widget_type=\"spacer.default\">\n\t\t\t\t<div class=\"elementor-widget-container\">\n\t\t\t\t\t<div class=\"elementor-spacer\">\n\t\t\t<div class=\"elementor-spacer-inner\"><\/div>\n\t\t<\/div>\n\t\t\t\t<\/div>\n\t\t\t\t<\/div>\n\t\t\t\t\t<\/div>\n\t\t\t\t<\/div>\n\t\t<div class=\"elementor-element elementor-element-1fd7b08 e-con-full e-flex e-con e-parent\" data-id=\"1fd7b08\" data-element_type=\"container\" data-settings=\"{&quot;background_background&quot;:&quot;classic&quot;}\">\n\t\t<div class=\"elementor-element elementor-element-8f5cd33 e-con-full e-flex e-con e-child\" data-id=\"8f5cd33\" data-element_type=\"container\">\n\t\t\t\t<div class=\"elementor-element elementor-element-d309b4a elementor-widget elementor-widget-image\" data-id=\"d309b4a\" data-element_type=\"widget\" data-widget_type=\"image.default\">\n\t\t\t\t<div class=\"elementor-widget-container\">\n\t\t\t\t\t\t\t\t\t\t\t\t\t<img decoding=\"async\" width=\"1024\" height=\"768\" src=\"https:\/\/tangiriboat.com\/wp-content\/uploads\/2024\/09\/441157600_948293007304846_6285332294042604606_n-1024x768.jpg\" class=\"attachment-large size-large wp-image-288\" alt=\"\" srcset=\"https:\/\/tangiriboat.com\/wp-content\/uploads\/2024\/09\/441157600_948293007304846_6285332294042604606_n-1024x768.jpg 1024w, https:\/\/tangiriboat.com\/wp-content\/uploads\/2024\/09\/441157600_948293007304846_6285332294042604606_n-800x600.jpg 800w, https:\/\/tangiriboat.com\/wp-content\/uploads\/2024\/09\/441157600_948293007304846_6285332294042604606_n-300x225.jpg 300w, https:\/\/tangiriboat.com\/wp-content\/uploads\/2024\/09\/441157600_948293007304846_6285332294042604606_n-768x576.jpg 768w, https:\/\/tangiriboat.com\/wp-content\/uploads\/2024\/09\/441157600_948293007304846_6285332294042604606_n-1536x1152.jpg 1536w, https:\/\/tangiriboat.com\/wp-content\/uploads\/2024\/09\/441157600_948293007304846_6285332294042604606_n.jpg 2048w\" sizes=\"(max-width: 1024px) 100vw, 1024px\" \/>\t\t\t\t\t\t\t\t\t\t\t\t\t<\/div>\n\t\t\t\t<\/div>\n\t\t\t\t<\/div>\n\t\t<div class=\"elementor-element elementor-element-b3f03a4 e-con-full e-flex e-con e-child\" data-id=\"b3f03a4\" data-element_type=\"container\">\n\t\t\t\t<div class=\"elementor-element elementor-element-4e5caee elementor-widget elementor-widget-spacer\" data-id=\"4e5caee\" data-element_type=\"widget\" data-widget_type=\"spacer.default\">\n\t\t\t\t<div class=\"elementor-widget-container\">\n\t\t\t\t\t<div class=\"elementor-spacer\">\n\t\t\t<div class=\"elementor-spacer-inner\"><\/div>\n\t\t<\/div>\n\t\t\t\t<\/div>\n\t\t\t\t<\/div>\n\t\t\t\t<div class=\"elementor-element elementor-element-9fad008 elementor-widget elementor-widget-heading\" data-id=\"9fad008\" data-element_type=\"widget\" data-widget_type=\"heading.default\">\n\t\t\t\t<div class=\"elementor-widget-container\">\n\t\t\t<h2 class=\"elementor-heading-title elementor-size-default\">Klasa \u015bwiatowa w konstrukcji<\/h2>\t\t<\/div>\n\t\t\t\t<\/div>\n\t\t\t\t<div class=\"elementor-element elementor-element-e84a9d3 elementor-widget elementor-widget-text-editor\" data-id=\"e84a9d3\" data-element_type=\"widget\" data-widget_type=\"text-editor.default\">\n\t\t\t\t<div class=\"elementor-widget-container\">\n\t\t\t\t\t\t\t<p class=\"big\"><strong>\u0141\u0105cz\u0105c pasj\u0119, kreatywno\u015b\u0107 oraz ci\u0105g\u0142e d\u0105\u017cenie do stworzenia idealnych \u0142odzi, stworzyli\u015bmy now\u0105 jako\u015b\u0107 dla najbardziej wymagaj\u0105cych pasjonat\u00f3w w\u0119dkarstwa.<\/strong><\/p>\n<p>Jeste\u015bmy bezkompromisowi. Jako\u015b\u0107, komfort, bezpiecze\u0144stwo to nasze motto, kt\u00f3rym kierujemy si\u0119 od samego pocz\u0105tku. \u0141\u0105czy nas wsp\u00f3lna pasja. A \u0142odzie w\u0119dkarskie TANGIRI s\u0105 tego najlepszym przyk\u0142adem.<\/p>\t\t\t\t\t\t<\/div>\n\t\t\t\t<\/div>\n\t\t\t\t<\/div>\n\t\t\t\t<\/div>\n\t\t<div class=\"elementor-element elementor-element-0d3029c e-con-full e-flex e-con e-parent\" data-id=\"0d3029c\" data-element_type=\"container\">\n\t\t<div class=\"elementor-element elementor-element-3efc827 e-con-full e-flex e-con e-child\" data-id=\"3efc827\" data-element_type=\"container\">\n\t\t\t\t<div class=\"elementor-element elementor-element-0d699cd elementor-widget elementor-widget-spacer\" data-id=\"0d699cd\" data-element_type=\"widget\" data-widget_type=\"spacer.default\">\n\t\t\t\t<div class=\"elementor-widget-container\">\n\t\t\t\t\t<div class=\"elementor-spacer\">\n\t\t\t<div class=\"elementor-spacer-inner\"><\/div>\n\t\t<\/div>\n\t\t\t\t<\/div>\n\t\t\t\t<\/div>\n\t\t\t\t<div class=\"elementor-element elementor-element-f8915fb elementor-widget elementor-widget-heading\" data-id=\"f8915fb\" data-element_type=\"widget\" data-widget_type=\"heading.default\">\n\t\t\t\t<div class=\"elementor-widget-container\">\n\t\t\t<h2 class=\"elementor-heading-title elementor-size-default\">Dopasuj \u0142\u00f3d\u017a do siebie<\/h2>\t\t<\/div>\n\t\t\t\t<\/div>\n\t\t\t\t<div class=\"elementor-element elementor-element-455f3e8 elementor-widget elementor-widget-text-editor\" data-id=\"455f3e8\" data-element_type=\"widget\" data-widget_type=\"text-editor.default\">\n\t\t\t\t<div class=\"elementor-widget-container\">\n\t\t\t\t\t\t\t<p class=\"big\"><strong>Wychodz\u0105c naprzeciw oczekiwaniom naszym klientom, wprowadzili\u015bmy kilka wersji zabudowy kad\u0142ub\u00f3w. \u0141\u00f3d\u017a w\u0119dkarska dopasowana do Ciebie i Twoich potrzeb!<\/strong><\/p><p>Realizujemy tak\u017ce indywidualne koncepcje zabudowy, po wi\u0119cej informacji skontaktuj si\u0119 z przedstawicielem handlowym.<\/p>\t\t\t\t\t\t<\/div>\n\t\t\t\t<\/div>\n\t\t\t\t<div class=\"elementor-element elementor-element-5d50a89 elementor-align-center elementor-widget elementor-widget-button\" data-id=\"5d50a89\" data-element_type=\"widget\" data-widget_type=\"button.default\">\n\t\t\t\t<div class=\"elementor-widget-container\">\n\t\t\t\t\t<div class=\"elementor-button-wrapper\">\n\t\t\t<a class=\"elementor-button elementor-button-link elementor-size-sm\" href=\"tel:533-841-807\">\n\t\t\t\t\t\t<span class=\"elementor-button-content-wrapper\">\n\t\t\t\t\t\t<span class=\"elementor-button-icon\">\n\t\t\t\t<svg aria-hidden=\"true\" class=\"e-font-icon-svg e-fas-phone-volume\" viewBox=\"0 0 384 512\" xmlns=\"http:\/\/www.w3.org\/2000\/svg\"><path d=\"M97.333 506.966c-129.874-129.874-129.681-340.252 0-469.933 5.698-5.698 14.527-6.632 21.263-2.422l64.817 40.513a17.187 17.187 0 0 1 6.849 20.958l-32.408 81.021a17.188 17.188 0 0 1-17.669 10.719l-55.81-5.58c-21.051 58.261-20.612 122.471 0 179.515l55.811-5.581a17.188 17.188 0 0 1 17.669 10.719l32.408 81.022a17.188 17.188 0 0 1-6.849 20.958l-64.817 40.513a17.19 17.19 0 0 1-21.264-2.422zM247.126 95.473c11.832 20.047 11.832 45.008 0 65.055-3.95 6.693-13.108 7.959-18.718 2.581l-5.975-5.726c-3.911-3.748-4.793-9.622-2.261-14.41a32.063 32.063 0 0 0 0-29.945c-2.533-4.788-1.65-10.662 2.261-14.41l5.975-5.726c5.61-5.378 14.768-4.112 18.718 2.581zm91.787-91.187c60.14 71.604 60.092 175.882 0 247.428-4.474 5.327-12.53 5.746-17.552.933l-5.798-5.557c-4.56-4.371-4.977-11.529-.93-16.379 49.687-59.538 49.646-145.933 0-205.422-4.047-4.85-3.631-12.008.93-16.379l5.798-5.557c5.022-4.813 13.078-4.394 17.552.933zm-45.972 44.941c36.05 46.322 36.108 111.149 0 157.546-4.39 5.641-12.697 6.251-17.856 1.304l-5.818-5.579c-4.4-4.219-4.998-11.095-1.285-15.931 26.536-34.564 26.534-82.572 0-117.134-3.713-4.836-3.115-11.711 1.285-15.931l5.818-5.579c5.159-4.947 13.466-4.337 17.856 1.304z\"><\/path><\/svg>\t\t\t<\/span>\n\t\t\t\t\t\t\t\t\t<span class=\"elementor-button-text\">533-841-807<\/span>\n\t\t\t\t\t<\/span>\n\t\t\t\t\t<\/a>\n\t\t<\/div>\n\t\t\t\t<\/div>\n\t\t\t\t<\/div>\n\t\t\t\t<\/div>\n\t\t<div class=\"elementor-element elementor-element-0fd2bc7 e-con-full e-flex e-con e-child\" data-id=\"0fd2bc7\" data-element_type=\"container\">\n\t\t\t\t<div class=\"elementor-element elementor-element-06828a7 elementor-widget elementor-widget-image\" data-id=\"06828a7\" data-element_type=\"widget\" data-widget_type=\"image.default\">\n\t\t\t\t<div class=\"elementor-widget-container\">\n\t\t\t\t\t\t\t\t\t\t\t\t\t<img loading=\"lazy\" decoding=\"async\" width=\"746\" height=\"480\" src=\"https:\/\/tangiriboat.com\/wp-content\/uploads\/2024\/09\/xbox-02.webp\" class=\"attachment-medium_large size-medium_large wp-image-460\" alt=\"\" srcset=\"https:\/\/tangiriboat.com\/wp-content\/uploads\/2024\/09\/xbox-02.webp 746w, https:\/\/tangiriboat.com\/wp-content\/uploads\/2024\/09\/xbox-02-600x386.webp 600w, https:\/\/tangiriboat.com\/wp-content\/uploads\/2024\/09\/xbox-02-300x193.webp 300w\" sizes=\"(max-width: 746px) 100vw, 746px\" \/>\t\t\t\t\t\t\t\t\t\t\t\t\t<\/div>\n\t\t\t\t<\/div>\n\t\t\t\t<\/div>\n\t\t\t\t<\/div>\n\t\t<div class=\"elementor-element elementor-element-007e71c e-flex e-con-boxed e-con e-parent\" data-id=\"007e71c\" data-element_type=\"container\">\n\t\t\t\t\t<div class=\"e-con-inner\">\n\t\t\t\t<div class=\"elementor-element elementor-element-39927f7 elementor-widget elementor-widget-spacer\" data-id=\"39927f7\" data-element_type=\"widget\" data-widget_type=\"spacer.default\">\n\t\t\t\t<div class=\"elementor-widget-container\">\n\t\t\t\t\t<div class=\"elementor-spacer\">\n\t\t\t<div class=\"elementor-spacer-inner\"><\/div>\n\t\t<\/div>\n\t\t\t\t<\/div>\n\t\t\t\t<\/div>\n\t\t\t\t\t<\/div>\n\t\t\t\t<\/div>\n\t\t<div class=\"elementor-element elementor-element-1b8f1c1 e-flex e-con-boxed e-con e-parent\" data-id=\"1b8f1c1\" data-element_type=\"container\">\n\t\t\t\t\t<div class=\"e-con-inner\">\n\t\t\t\t<div class=\"elementor-element elementor-element-90a8f9e elementor-widget elementor-widget-spacer\" data-id=\"90a8f9e\" data-element_type=\"widget\" data-widget_type=\"spacer.default\">\n\t\t\t\t<div class=\"elementor-widget-container\">\n\t\t\t\t\t<div class=\"elementor-spacer\">\n\t\t\t<div class=\"elementor-spacer-inner\"><\/div>\n\t\t<\/div>\n\t\t\t\t<\/div>\n\t\t\t\t<\/div>\n\t\t\t\t\t<\/div>\n\t\t\t\t<\/div>\n\t\t\t\t<\/div>\n\t\t","protected":false},"excerpt":{"rendered":"<p>zobacz katalog naszych \u0142odzi zobacz katalog dodatk\u00f3w Skonfiguruj swoj\u0105 \u0142\u00f3d\u017a Klasa \u015bwiatowa w konstrukcji \u0141\u0105cz\u0105c pasj\u0119, kreatywno\u015b\u0107 oraz ci\u0105g\u0142e d\u0105\u017cenie do stworzenia idealnych \u0142odzi, stworzyli\u015bmy now\u0105 jako\u015b\u0107 dla najbardziej wymagaj\u0105cych pasjonat\u00f3w w\u0119dkarstwa. Jeste\u015bmy bezkompromisowi. Jako\u015b\u0107, komfort, bezpiecze\u0144stwo to nasze motto, kt\u00f3rym kierujemy si\u0119 od samego pocz\u0105tku. \u0141\u0105czy nas wsp\u00f3lna pasja. A \u0142odzie w\u0119dkarskie TANGIRI s\u0105 [&hellip;]<\/p>\n","protected":false},"author":1,"featured_media":0,"parent":0,"menu_order":0,"comment_status":"open","ping_status":"open","template":"page-templates\/pagebuilder.php","meta":{"footnotes":""},"class_list":["post-261","page","type-page","status-publish","hentry"],"jetpack_sharing_enabled":true,"_links":{"self":[{"href":"https:\/\/tangiriboat.com\/index.php\/wp-json\/wp\/v2\/pages\/261","targetHints":{"allow":["GET"]}}],"collection":[{"href":"https:\/\/tangiriboat.com\/index.php\/wp-json\/wp\/v2\/pages"}],"about":[{"href":"https:\/\/tangiriboat.com\/index.php\/wp-json\/wp\/v2\/types\/page"}],"author":[{"embeddable":true,"href":"https:\/\/tangiriboat.com\/index.php\/wp-json\/wp\/v2\/users\/1"}],"replies":[{"embeddable":true,"href":"https:\/\/tangiriboat.com\/index.php\/wp-json\/wp\/v2\/comments?post=261"}],"version-history":[{"count":156,"href":"https:\/\/tangiriboat.com\/index.php\/wp-json\/wp\/v2\/pages\/261\/revisions"}],"predecessor-version":[{"id":1154,"href":"https:\/\/tangiriboat.com\/index.php\/wp-json\/wp\/v2\/pages\/261\/revisions\/1154"}],"wp:attachment":[{"href":"https:\/\/tangiriboat.com\/index.php\/wp-json\/wp\/v2\/media?parent=261"}],"curies":[{"name":"wp","href":"https:\/\/api.w.org\/{rel}","templated":true}]}}