{"id":143,"date":"2023-10-15T19:18:45","date_gmt":"2023-10-15T19:18:45","guid":{"rendered":"https:\/\/optimus.qsandbox.com\/zqs\/qbcj\/site\/zakra-main\/?page_id=143"},"modified":"2025-11-28T12:57:23","modified_gmt":"2025-11-28T11:57:23","slug":"contact","status":"publish","type":"page","link":"https:\/\/tangiriboat.com\/index.php\/contact\/","title":{"rendered":"KONTAKT"},"content":{"rendered":"\t\t<div data-elementor-type=\"wp-page\" data-elementor-id=\"143\" class=\"elementor elementor-143\">\n\t\t\t\t<div class=\"elementor-element elementor-element-8ae87a5 e-flex e-con-boxed e-con e-parent\" data-id=\"8ae87a5\" data-element_type=\"container\">\n\t\t\t\t\t<div class=\"e-con-inner\">\n\t\t<div class=\"elementor-element elementor-element-1a9ff9c e-con-full e-flex e-con e-child\" data-id=\"1a9ff9c\" data-element_type=\"container\">\n\t\t\t\t<div class=\"elementor-element elementor-element-1ad767b elementor-widget elementor-widget-text-editor\" data-id=\"1ad767b\" data-element_type=\"widget\" data-widget_type=\"text-editor.default\">\n\t\t\t\t<div class=\"elementor-widget-container\">\n\t\t\t\t\t\t\t<h4>Dane adresowe:<\/h4><p><strong>TANGIRI BOAT<\/strong><br \/>ul. Niepodleg\u0142o\u015bci 4<br \/>44-336 Jastrz\u0119bie Zdr\u00f3j<br \/>e-mail:\u00a0<a href=\"mailto:tangiriboat@yahoo.com\">tangiriboat@yahoo.com<\/a><\/p><p><strong>SPRZEDA\u017b<\/strong><br \/><a href=\"tel:+48533841807\">Karol Lasota &#8211; Handlowiec\u00a0 (+48) 533 841 807<\/a><br \/><a href=\"tel:+48516712948\">Tomasz Gancarz &#8211; W\u0142a\u015bciciel (+48) 516 712 948<\/a><\/p><p><strong>SERWIS<\/strong><br \/><a href=\"tel:+48573669721\">(+48) 573 669 721<\/a><\/p><p><strong>Przedstawiciel na UK<br \/><\/strong>Kris Kaszuba &#8211; <b>\u00a007851292557<\/b><\/p>\t\t\t\t\t\t<\/div>\n\t\t\t\t<\/div>\n\t\t\t\t<\/div>\n\t\t<div class=\"elementor-element elementor-element-cd9daeb e-con-full e-flex e-con e-child\" data-id=\"cd9daeb\" data-element_type=\"container\">\n\t\t\t\t<div class=\"elementor-element elementor-element-34f4e4b elementor-widget__width-initial elementor-widget elementor-widget-image\" data-id=\"34f4e4b\" data-element_type=\"widget\" data-widget_type=\"image.default\">\n\t\t\t\t<div class=\"elementor-widget-container\">\n\t\t\t\t\t\t\t\t\t\t\t\t\t<img fetchpriority=\"high\" decoding=\"async\" width=\"746\" height=\"480\" src=\"https:\/\/tangiriboat.com\/wp-content\/uploads\/2024\/09\/xbox-06.webp\" class=\"attachment-large size-large wp-image-464\" alt=\"\" srcset=\"https:\/\/tangiriboat.com\/wp-content\/uploads\/2024\/09\/xbox-06.webp 746w, https:\/\/tangiriboat.com\/wp-content\/uploads\/2024\/09\/xbox-06-600x386.webp 600w, https:\/\/tangiriboat.com\/wp-content\/uploads\/2024\/09\/xbox-06-300x193.webp 300w\" sizes=\"(max-width: 746px) 100vw, 746px\" \/>\t\t\t\t\t\t\t\t\t\t\t\t\t<\/div>\n\t\t\t\t<\/div>\n\t\t\t\t<\/div>\n\t\t\t\t\t<\/div>\n\t\t\t\t<\/div>\n\t\t\t\t<\/div>\n\t\t","protected":false},"excerpt":{"rendered":"<p>Dane adresowe: TANGIRI BOATul. Niepodleg\u0142o\u015bci 444-336 Jastrz\u0119bie Zdr\u00f3je-mail:\u00a0tangiriboat@yahoo.com SPRZEDA\u017bKarol Lasota &#8211; Handlowiec\u00a0 (+48) 533 841 807Tomasz Gancarz &#8211; W\u0142a\u015bciciel (+48) 516 712 948 SERWIS(+48) 573 669 721 Przedstawiciel na UKKris Kaszuba &#8211; \u00a007851292557<\/p>\n","protected":false},"author":1,"featured_media":0,"parent":0,"menu_order":0,"comment_status":"closed","ping_status":"closed","template":"","meta":{"footnotes":""},"class_list":["post-143","page","type-page","status-publish","hentry"],"jetpack_sharing_enabled":true,"_links":{"self":[{"href":"https:\/\/tangiriboat.com\/index.php\/wp-json\/wp\/v2\/pages\/143","targetHints":{"allow":["GET"]}}],"collection":[{"href":"https:\/\/tangiriboat.com\/index.php\/wp-json\/wp\/v2\/pages"}],"about":[{"href":"https:\/\/tangiriboat.com\/index.php\/wp-json\/wp\/v2\/types\/page"}],"author":[{"embeddable":true,"href":"https:\/\/tangiriboat.com\/index.php\/wp-json\/wp\/v2\/users\/1"}],"replies":[{"embeddable":true,"href":"https:\/\/tangiriboat.com\/index.php\/wp-json\/wp\/v2\/comments?post=143"}],"version-history":[{"count":53,"href":"https:\/\/tangiriboat.com\/index.php\/wp-json\/wp\/v2\/pages\/143\/revisions"}],"predecessor-version":[{"id":1183,"href":"https:\/\/tangiriboat.com\/index.php\/wp-json\/wp\/v2\/pages\/143\/revisions\/1183"}],"wp:attachment":[{"href":"https:\/\/tangiriboat.com\/index.php\/wp-json\/wp\/v2\/media?parent=143"}],"curies":[{"name":"wp","href":"https:\/\/api.w.org\/{rel}","templated":true}]}}